{"id":111,"date":"2023-04-23T21:05:05","date_gmt":"2023-04-23T19:05:05","guid":{"rendered":"http:\/\/collectifisos.be\/?page_id=111"},"modified":"2023-06-05T13:00:16","modified_gmt":"2023-06-05T11:00:16","slug":"comite-p-antichambre-de-la-police","status":"publish","type":"page","link":"https:\/\/collectifisos.be\/index.php\/comite-p-antichambre-de-la-police\/","title":{"rendered":"Comit\u00e9 P, antichambre de la police"},"content":{"rendered":"<div class='flex_column av-8vdrr-785cc203b3a96acd74b1984ec9345db4 av_one_full  avia-builder-el-0  el_before_av_one_third  avia-builder-el-first  first flex_column_div '     ><style type=\"text\/css\" data-created_by=\"avia_inline_auto\" id=\"style-css-av-lh4zq7eg-6064e3124b184b1d3c6e1dac3cd7ca66\">\n.avia-image-container.av-lh4zq7eg-6064e3124b184b1d3c6e1dac3cd7ca66 img.avia_image{\nbox-shadow:none;\n}\n.avia-image-container.av-lh4zq7eg-6064e3124b184b1d3c6e1dac3cd7ca66 .av-image-caption-overlay-center{\ncolor:#ffffff;\n}\n<\/style>\n<div  class='avia-image-container av-lh4zq7eg-6064e3124b184b1d3c6e1dac3cd7ca66 av-styling- avia-align-center  avia-builder-el-1  avia-builder-el-no-sibling '   itemprop=\"image\" itemscope=\"itemscope\" itemtype=\"https:\/\/schema.org\/ImageObject\" ><div class=\"avia-image-container-inner\"><div class=\"avia-image-overlay-wrap\"><img decoding=\"async\" class='wp-image-191 avia-img-lazy-loading-not-191 avia_image ' src=\"https:\/\/collectifisos.be\/wp-content\/uploads\/2023\/05\/police-9870-1000x430.jpg\" alt='' title='Comit\u00e9 P, antichambre de la police'  height=\"430\" width=\"1000\"  itemprop=\"thumbnailUrl\"  \/><\/div><\/div><\/div><\/div>\n<div class='flex_column av-z6ed3-c10d1e2f59940728a16a7de49ea75a4d av_one_third  avia-builder-el-2  el_after_av_one_full  el_before_av_two_third  first flex_column_div column-top-margin'     ><p>\n<style type=\"text\/css\" data-created_by=\"avia_inline_auto\" id=\"style-css-av-lgts23fs-a849e09ee73401c19cf806702fbd2c44\">\n#top .av-special-heading.av-lgts23fs-a849e09ee73401c19cf806702fbd2c44{\npadding-bottom:10px;\n}\nbody .av-special-heading.av-lgts23fs-a849e09ee73401c19cf806702fbd2c44 .av-special-heading-tag .heading-char{\nfont-size:25px;\n}\n.av-special-heading.av-lgts23fs-a849e09ee73401c19cf806702fbd2c44 .av-subheading{\nfont-size:15px;\n}\n<\/style>\n<div  class='av-special-heading av-lgts23fs-a849e09ee73401c19cf806702fbd2c44 av-special-heading-h1  avia-builder-el-3  el_before_av_hr  avia-builder-el-first '><h1 class='av-special-heading-tag'  itemprop=\"headline\"  >COMITE P, ANTICHAMBRE DE LA POLICE<\/h1><div class=\"special-heading-border\"><div class=\"special-heading-inner-border\"><\/div><\/div><\/div><br \/>\n\n<style type=\"text\/css\" data-created_by=\"avia_inline_auto\" id=\"style-css-av-t0l0v-058a104b77ba997b7a406c8a7dc7608b\">\n#top .hr.av-t0l0v-058a104b77ba997b7a406c8a7dc7608b{\nmargin-top:30px;\nmargin-bottom:30px;\n}\n.hr.av-t0l0v-058a104b77ba997b7a406c8a7dc7608b .hr-inner{\nwidth:50px;\nmax-width:45%;\n}\n<\/style>\n<div  class='hr av-t0l0v-058a104b77ba997b7a406c8a7dc7608b hr-custom  avia-builder-el-4  el_after_av_heading  el_before_av_textblock  hr-center hr-icon-yes'><span class='hr-inner inner-border-av-border-thin'><span class=\"hr-inner-style\"><\/span><\/span><span class='av-seperator-icon' aria-hidden='true' data-av_icon='\ue811' data-av_iconfont='entypo-fontello'><\/span><span class='hr-inner inner-border-av-border-thin'><span class=\"hr-inner-style\"><\/span><\/span><\/div><br \/>\n\n<style type=\"text\/css\" data-created_by=\"avia_inline_auto\" id=\"style-css-av-lgts2g66-1b042fe9002d5a39d54e37e2721145c5\">\n#top .av_textblock_section.av-lgts2g66-1b042fe9002d5a39d54e37e2721145c5 .avia_textblock{\nfont-size:16px;\ncolor:#000000;\ntext-align:left;\n}\n<\/style>\n<section  class='av_textblock_section av-lgts2g66-1b042fe9002d5a39d54e37e2721145c5'  itemscope=\"itemscope\" itemtype=\"https:\/\/schema.org\/CreativeWork\" ><div class='avia_textblock av_inherit_color'  itemprop=\"text\" ><p><span style=\"color: #ff0000;\"><strong>98% des plaintes adress\u00e9es au Comit\u00e9 P sont class\u00e9es sans suite ou sous-trait\u00e9es directement \u00e0 la police. <\/strong><\/span><\/p>\n<p><span style=\"color: #ff0000;\"><strong>La suppression du Comit\u00e9 P ne changerait rien \u00e0 la d\u00e9fense des droits des citoyens face \u00e0 la police.<\/strong><\/span><\/p>\n<\/div><\/section><\/p><\/div>\n<div class='flex_column av-fv16n-d6fbb18a80b0bf53fa7993b5d1249321 av_two_third  avia-builder-el-6  el_after_av_one_third  el_before_av_one_fourth  flex_column_div column-top-margin'     ><p>\n<style type=\"text\/css\" data-created_by=\"avia_inline_auto\" id=\"style-css-av-lgts35b0-4e8cd46d07a37f9acf55458c8d496cb1\">\n#top .av_textblock_section.av-lgts35b0-4e8cd46d07a37f9acf55458c8d496cb1 .avia_textblock{\nfont-size:14px;\ncolor:#000000;\ntext-align:left;\n}\n<\/style>\n<section  class='av_textblock_section av-lgts35b0-4e8cd46d07a37f9acf55458c8d496cb1'  itemscope=\"itemscope\" itemtype=\"https:\/\/schema.org\/CreativeWork\" ><div class='avia_textblock av_inherit_color'  itemprop=\"text\" ><p>Dans le dernier rapport (2021) du Comit\u00e9 P, il apparait que les 13 enqu\u00eateurs ind\u00e9pendants du Comit\u00e9 P prennent en charge moins de 2% des plaintes. La majorit\u00e9 des plaintes (98%) sont class\u00e9es sans suite, sous-trait\u00e9es \u00e0 des coll\u00e8gues des policiers incrimin\u00e9s ou confi\u00e9es aux 23 policiers d\u00e9tach\u00e9s provisoirement au Comit\u00e9 P.<\/p>\n<p>Un policier ne remet pas en cause son coll\u00e8gue par \u00ab\u00a0esprit de corps\u00a0\u00bb et par crainte des repr\u00e9sailles. L\u2019objectivit\u00e9 des enqu\u00eates men\u00e9es par des policiers sur d\u2019autres policiers est clairement remise en cause.<\/p>\n<p>C&rsquo;est ce que font r\u00e9guli\u00e8rement les <strong>Nations Unies<\/strong> qui recommandent \u00e0 la Belgique de <strong><em>\u00abprendre les mesures pertinentes pour renforcer davantage les m\u00e9canismes de contr\u00f4le et de supervision au sein de la police, particuli\u00e8rement du Comite\u0301 P et de son Service d\u2019enqu\u00eates, qui devraient \u00eatre compos\u00e9s d\u2019experts ind\u00e9pendants recrut\u00e9s a\u0300 l\u2019ext\u00e9rieur de la police \u00bb.<\/em><\/strong><\/p>\n<\/div><\/section><br \/>\n\n<style type=\"text\/css\" data-created_by=\"avia_inline_auto\" id=\"style-css-av-lh5e4pnr-2218fafceb7806b56a7ae83e1a12786e\">\n.avia-image-container.av-lh5e4pnr-2218fafceb7806b56a7ae83e1a12786e img.avia_image{\nbox-shadow:none;\n}\n.avia-image-container.av-lh5e4pnr-2218fafceb7806b56a7ae83e1a12786e .av-image-caption-overlay-center{\ncolor:#ffffff;\n}\n<\/style>\n<div  class='avia-image-container av-lh5e4pnr-2218fafceb7806b56a7ae83e1a12786e av-styling- avia-align-center  avia-builder-el-8  el_after_av_textblock  avia-builder-el-last  av-has-copyright av-copyright-always'   itemprop=\"image\" itemscope=\"itemscope\" itemtype=\"https:\/\/schema.org\/ImageObject\" ><div class=\"avia-image-container-inner\"><div class=\"avia-image-overlay-wrap\"><img decoding=\"async\" class='wp-image-307 avia-img-lazy-loading-not-307 avia_image ' src=\"https:\/\/collectifisos.be\/wp-content\/uploads\/2023\/05\/Traitement-des-plaintes-1-300x184.png\" alt='' title='Traitement des plaintes'  height=\"184\" width=\"300\"  itemprop=\"thumbnailUrl\" srcset=\"https:\/\/collectifisos.be\/wp-content\/uploads\/2023\/05\/Traitement-des-plaintes-1-300x184.png 300w, https:\/\/collectifisos.be\/wp-content\/uploads\/2023\/05\/Traitement-des-plaintes-1-705x433.png 705w, https:\/\/collectifisos.be\/wp-content\/uploads\/2023\/05\/Traitement-des-plaintes-1.png 766w\" sizes=\"(max-width: 300px) 100vw, 300px\" \/><\/div><small class=\"avia-copyright\">Source : Rapport 2021 du Comit\u00e9 P<\/small><\/div><\/div><\/p><\/div><div class='flex_column av-hcuon-2d181afc1a334b22a909c3f53ed02078 av_one_fourth  avia-builder-el-9  el_after_av_two_third  el_before_av_one_half  first flex_column_div column-top-margin'     ><\/div><\/p>\n<div class='flex_column av-awtaf-37ca0e9cab6e1811c6c96dd3cf3c9c55 av_one_half  avia-builder-el-10  el_after_av_one_fourth  el_before_av_one_fourth  flex_column_div column-top-margin'     ><div id='av-masonry-1' class='av-masonry av-lh5boagn-f6ef3e1961a63ab44214d2d131443ba7 noHover av-flex-size av-large-gap av-hover-overlay-active av-masonry-animation-active av-masonry-col-2 av-caption-always av-caption-style-overlay av-masonry-gallery ' data-post_id=\"111\"><div class=\"av-masonry-container isotope av-js-disabled\"><div class='av-masonry-entry isotope-item av-masonry-item-no-image '><\/div><a href=\"http:\/\/collectifisos.be\/index.php\/impunite\/\"  aria-label=\"image Impunit\u00e9\"  id='av-masonry-1-item-192' data-av-masonry-item='192' class='av-masonry-entry isotope-item post-192 attachment type-attachment status-inherit hentry  av-masonry-item-with-image' title=\"Impunit\u00e9\" alt=\"\"  data-av-masonry-custom-link=\"http:\/\/collectifisos.be\/index.php\/impunite\/\"  itemprop=\"thumbnailUrl\" ><div class='av-inner-masonry-sizer'><\/div><figure class='av-inner-masonry main_color'><div class=\"av-masonry-outerimage-container\"><div class='av-masonry-image-container'   ><img decoding=\"async\" width=\"705\" height=\"470\" class=\"wp-image-192 avia-img-lazy-loading-not-192\"  src=\"https:\/\/collectifisos.be\/wp-content\/uploads\/2023\/05\/police-200319-705x470.jpg\" title=\"Impunit\u00e9\" alt=\"\" srcset=\"https:\/\/collectifisos.be\/wp-content\/uploads\/2023\/05\/police-200319-705x470.jpg 705w, https:\/\/collectifisos.be\/wp-content\/uploads\/2023\/05\/police-200319-300x200.jpg 300w, https:\/\/collectifisos.be\/wp-content\/uploads\/2023\/05\/police-200319-768x512.jpg 768w, https:\/\/collectifisos.be\/wp-content\/uploads\/2023\/05\/police-200319.jpg 1000w\" sizes=\"(max-width: 705px) 100vw, 705px\" \/><\/div><\/div><figcaption class='av-inner-masonry-content site-background'><div class='av-inner-masonry-content-pos'><div class='av-inner-masonry-content-pos-content'><div class='avia-arrow'><\/div><h3 class='av-masonry-entry-title entry-title '  itemprop=\"headline\" >Impunit\u00e9<\/h3><\/div><\/div><\/figcaption><\/figure><\/a><!--end av-masonry entry--><a href=\"http:\/\/collectifisos.be\/index.php\/justice-pro-police\/\"  aria-label=\"image Justice pro-police\"  id='av-masonry-1-item-240' data-av-masonry-item='240' class='av-masonry-entry isotope-item post-240 attachment type-attachment status-inherit hentry  av-masonry-item-with-image' title=\"Justice pro-police\" alt=\"\"  data-av-masonry-custom-link=\"http:\/\/collectifisos.be\/index.php\/justice-pro-police\/\"  itemprop=\"thumbnailUrl\" ><div class='av-inner-masonry-sizer'><\/div><figure class='av-inner-masonry main_color'><div class=\"av-masonry-outerimage-container\"><div class='av-masonry-image-container'   ><img decoding=\"async\" width=\"705\" height=\"470\" class=\"wp-image-240 avia-img-lazy-loading-not-240\"  src=\"https:\/\/collectifisos.be\/wp-content\/uploads\/2023\/05\/police-200415-705x470.jpg\" title=\"Justice pro-police\" alt=\"\" srcset=\"https:\/\/collectifisos.be\/wp-content\/uploads\/2023\/05\/police-200415-705x470.jpg 705w, https:\/\/collectifisos.be\/wp-content\/uploads\/2023\/05\/police-200415-300x200.jpg 300w, https:\/\/collectifisos.be\/wp-content\/uploads\/2023\/05\/police-200415-768x512.jpg 768w, https:\/\/collectifisos.be\/wp-content\/uploads\/2023\/05\/police-200415.jpg 1000w\" sizes=\"(max-width: 705px) 100vw, 705px\" \/><\/div><\/div><figcaption class='av-inner-masonry-content site-background'><div class='av-inner-masonry-content-pos'><div class='av-inner-masonry-content-pos-content'><div class='avia-arrow'><\/div><h3 class='av-masonry-entry-title entry-title '  itemprop=\"headline\" >Justice pro-police<\/h3><\/div><\/div><\/figcaption><\/figure><\/a><!--end av-masonry entry--><\/div><\/div><\/div>\n<div class='flex_column av-7zpc7-9354297e3dcdd8e2a5b1265c33804955 av_one_fourth  avia-builder-el-12  el_after_av_one_half  avia-builder-el-last  flex_column_div column-top-margin'     ><\/div>\n","protected":false},"excerpt":{"rendered":"","protected":false},"author":1,"featured_media":0,"parent":0,"menu_order":0,"comment_status":"closed","ping_status":"closed","template":"","meta":{"footnotes":""},"class_list":["post-111","page","type-page","status-publish","hentry"],"_links":{"self":[{"href":"https:\/\/collectifisos.be\/index.php\/wp-json\/wp\/v2\/pages\/111","targetHints":{"allow":["GET"]}}],"collection":[{"href":"https:\/\/collectifisos.be\/index.php\/wp-json\/wp\/v2\/pages"}],"about":[{"href":"https:\/\/collectifisos.be\/index.php\/wp-json\/wp\/v2\/types\/page"}],"author":[{"embeddable":true,"href":"https:\/\/collectifisos.be\/index.php\/wp-json\/wp\/v2\/users\/1"}],"replies":[{"embeddable":true,"href":"https:\/\/collectifisos.be\/index.php\/wp-json\/wp\/v2\/comments?post=111"}],"version-history":[{"count":22,"href":"https:\/\/collectifisos.be\/index.php\/wp-json\/wp\/v2\/pages\/111\/revisions"}],"predecessor-version":[{"id":544,"href":"https:\/\/collectifisos.be\/index.php\/wp-json\/wp\/v2\/pages\/111\/revisions\/544"}],"wp:attachment":[{"href":"https:\/\/collectifisos.be\/index.php\/wp-json\/wp\/v2\/media?parent=111"}],"curies":[{"name":"wp","href":"https:\/\/api.w.org\/{rel}","templated":true}]}}