{"id":116,"date":"2023-04-23T21:07:58","date_gmt":"2023-04-23T19:07:58","guid":{"rendered":"http:\/\/collectifisos.be\/?page_id=116"},"modified":"2023-05-19T12:17:55","modified_gmt":"2023-05-19T10:17:55","slug":"represailles-de-la-police","status":"publish","type":"page","link":"https:\/\/collectifisos.be\/index.php\/represailles-de-la-police\/","title":{"rendered":"Repr\u00e9sailles de la police"},"content":{"rendered":"<div class='flex_column av-6tmok-eab89c1b0a5a16534e5e0b094957f394 av_one_full  avia-builder-el-0  el_before_av_one_third  avia-builder-el-first  first flex_column_div '     ><style type=\"text\/css\" data-created_by=\"avia_inline_auto\" id=\"style-css-av-lh4zbx19-3ad6b8b34f36e6d1bba63c07a89c0a24\">\n.avia-image-container.av-lh4zbx19-3ad6b8b34f36e6d1bba63c07a89c0a24 img.avia_image{\nbox-shadow:none;\n}\n.avia-image-container.av-lh4zbx19-3ad6b8b34f36e6d1bba63c07a89c0a24 .av-image-caption-overlay-center{\ncolor:#ffffff;\n}\n<\/style>\n<div  class='avia-image-container av-lh4zbx19-3ad6b8b34f36e6d1bba63c07a89c0a24 av-styling- avia-align-center  avia-builder-el-1  avia-builder-el-no-sibling '   itemprop=\"image\" itemscope=\"itemscope\" itemtype=\"https:\/\/schema.org\/ImageObject\" ><div class=\"avia-image-container-inner\"><div class=\"avia-image-overlay-wrap\"><img decoding=\"async\" class='wp-image-198 avia-img-lazy-loading-not-198 avia_image ' src=\"https:\/\/collectifisos.be\/wp-content\/uploads\/2023\/05\/police-200428-1000x430.jpg\" alt='' title='Repr\u00e9sailles de la police'  height=\"430\" width=\"1000\"  itemprop=\"thumbnailUrl\"  \/><\/div><\/div><\/div><\/div>\n<div class='flex_column av-16dp8s-57c65c2ce14e95a4cd3ab8d385490926 av_one_third  avia-builder-el-2  el_after_av_one_full  el_before_av_two_third  first flex_column_div column-top-margin'     ><p>\n<style type=\"text\/css\" data-created_by=\"avia_inline_auto\" id=\"style-css-av-lgts71c6-4deb74f6ffc1a0f982e3beaa68b2cc3c\">\n#top .av-special-heading.av-lgts71c6-4deb74f6ffc1a0f982e3beaa68b2cc3c{\npadding-bottom:10px;\n}\nbody .av-special-heading.av-lgts71c6-4deb74f6ffc1a0f982e3beaa68b2cc3c .av-special-heading-tag .heading-char{\nfont-size:25px;\n}\n.av-special-heading.av-lgts71c6-4deb74f6ffc1a0f982e3beaa68b2cc3c .av-subheading{\nfont-size:15px;\n}\n<\/style>\n<div  class='av-special-heading av-lgts71c6-4deb74f6ffc1a0f982e3beaa68b2cc3c av-special-heading-h1  avia-builder-el-3  el_before_av_hr  avia-builder-el-first '><h1 class='av-special-heading-tag'  itemprop=\"headline\"  >REPRESAILLES DE LA POLICE<\/h1><div class=\"special-heading-border\"><div class=\"special-heading-inner-border\"><\/div><\/div><\/div><br \/>\n\n<style type=\"text\/css\" data-created_by=\"avia_inline_auto\" id=\"style-css-av-41k24-85da2e7e389a09b9cb5bda2bc0045bb8\">\n#top .hr.av-41k24-85da2e7e389a09b9cb5bda2bc0045bb8{\nmargin-top:30px;\nmargin-bottom:30px;\n}\n.hr.av-41k24-85da2e7e389a09b9cb5bda2bc0045bb8 .hr-inner{\nwidth:50px;\nmax-width:45%;\n}\n<\/style>\n<div  class='hr av-41k24-85da2e7e389a09b9cb5bda2bc0045bb8 hr-custom  avia-builder-el-4  el_after_av_heading  el_before_av_textblock  hr-center hr-icon-yes'><span class='hr-inner inner-border-av-border-thin'><span class=\"hr-inner-style\"><\/span><\/span><span class='av-seperator-icon' aria-hidden='true' data-av_icon='\ue811' data-av_iconfont='entypo-fontello'><\/span><span class='hr-inner inner-border-av-border-thin'><span class=\"hr-inner-style\"><\/span><\/span><\/div><br \/>\n\n<style type=\"text\/css\" data-created_by=\"avia_inline_auto\" id=\"style-css-av-lgts7rnl-34f3c72a7e4d75ac512c8146e553de92\">\n#top .av_textblock_section.av-lgts7rnl-34f3c72a7e4d75ac512c8146e553de92 .avia_textblock{\nfont-size:16px;\ncolor:#000000;\ntext-align:left;\n}\n<\/style>\n<section  class='av_textblock_section av-lgts7rnl-34f3c72a7e4d75ac512c8146e553de92'  itemscope=\"itemscope\" itemtype=\"https:\/\/schema.org\/CreativeWork\" ><div class='avia_textblock av_inherit_color'  itemprop=\"text\" ><p><span style=\"color: #ff0000;\"><strong>Les policiers violents et racistes prennent pour cibles les plaignants et les coll\u00e8gues qui les d\u00e9noncent.<\/strong><\/span><\/p>\n<\/div><\/section><\/p><\/div>\n<div class='flex_column av-ozv5g-a67c6667858544accc1a4f1ad694bbf0 av_two_third  avia-builder-el-6  el_after_av_one_third  el_before_av_one_fifth  flex_column_div column-top-margin'     ><style type=\"text\/css\" data-created_by=\"avia_inline_auto\" id=\"style-css-av-1yfl0-d1b6a76949f25f231e3a54b64ab63722\">\n#top .av_textblock_section.av-1yfl0-d1b6a76949f25f231e3a54b64ab63722 .avia_textblock{\nfont-size:14px;\ncolor:#000000;\ntext-align:left;\n}\n<\/style>\n<section  class='av_textblock_section av-1yfl0-d1b6a76949f25f231e3a54b64ab63722'  itemscope=\"itemscope\" itemtype=\"https:\/\/schema.org\/CreativeWork\" ><div class='avia_textblock av_inherit_color'  itemprop=\"text\" ><p>De nombreux plaignants ont \u00e9t\u00e9 victimes de repr\u00e9sailles. Ils se voient g\u00e9n\u00e9ralement accus\u00e9s par la police de r\u00e9bellion, de violences ou d\u2019entrave \u00e0 la justice.<\/p>\n<p>Ainsi, quelques mois apr\u00e8s son d\u00e9p\u00f4t de plainte contre les policiers violents des casernes d\u2019Etterbeek, Simon P. s\u2019est vu convoqu\u00e9 par la police pour \u00ab <em>provocation m\u00e9chante \u00e0 la r\u00e9bellion et utilisation d\u2019arme blanche ou non \u00e0 feu prohib\u00e9e\u00a0<\/em>\u00bb, une accusation d\u00e9concertante qui faisait suite \u00e0 une vid\u00e9o post\u00e9e sur Instagram o\u00f9 Simon filmait un ami qui exhibait un lanceur de pomme de terre fabriqu\u00e9 lors d&rsquo;un camp scout&#8230;<\/p>\n<p>Dans cette m\u00eame affaire, les dix policiers qui ont d\u00e9nonc\u00e9 la violence et le racisme de leurs coll\u00e8gues aupr\u00e8s du bourgmestre ont \u00e9t\u00e9 par la suite victimes de pressions et d&rsquo;intimidations provenant \u00ab\u00a0de l&rsquo;interne\u00a0\u00bb.<\/p>\n<\/div><\/section><\/div><div class='flex_column av-fvixo-04c102e9b6e5fa51a3ccd2a77b348e12 av_one_fifth  avia-builder-el-8  el_after_av_two_third  el_before_av_three_fifth  first flex_column_div column-top-margin'     ><\/div><\/p>\n<div class='flex_column av-8fr9w-8259fb2b29756e2b4c8ee9580f6f3801 av_three_fifth  avia-builder-el-9  el_after_av_one_fifth  el_before_av_one_fifth  flex_column_div column-top-margin'     ><div id='av-masonry-1' class='av-masonry av-lh5bqxri-6e7ecb0e7a0db2d55dc29ccbc857a501 noHover av-flex-size av-large-gap av-hover-overlay-active av-masonry-animation-active av-masonry-col-3 av-caption-always av-caption-style-overlay av-masonry-gallery ' data-post_id=\"116\"><div class=\"av-masonry-container isotope av-js-disabled\"><div class='av-masonry-entry isotope-item av-masonry-item-no-image '><\/div><a href=\"http:\/\/collectifisos.be\/index.php\/un-phenomene-massif\/\"  aria-label=\"image Ph\u00e9nom\u00e8ne massif\"  id='av-masonry-1-item-173' data-av-masonry-item='173' class='av-masonry-entry isotope-item post-173 attachment type-attachment status-inherit hentry  av-masonry-item-with-image' title=\"Ph\u00e9nom\u00e8ne massif\" alt=\"\"  data-av-masonry-custom-link=\"http:\/\/collectifisos.be\/index.php\/un-phenomene-massif\/\"  itemprop=\"thumbnailUrl\" ><div class='av-inner-masonry-sizer'><\/div><figure class='av-inner-masonry main_color'><div class=\"av-masonry-outerimage-container\"><div class='av-masonry-image-container'   ><img decoding=\"async\" width=\"705\" height=\"470\" class=\"wp-image-173 avia-img-lazy-loading-not-173\"  src=\"https:\/\/collectifisos.be\/wp-content\/uploads\/2023\/05\/7857630-e1683017958392-705x470.jpg\" title=\"Ph\u00e9nom\u00e8ne massif\" alt=\"\" srcset=\"https:\/\/collectifisos.be\/wp-content\/uploads\/2023\/05\/7857630-e1683017958392-705x470.jpg 705w, https:\/\/collectifisos.be\/wp-content\/uploads\/2023\/05\/7857630-e1683017958392-300x200.jpg 300w, https:\/\/collectifisos.be\/wp-content\/uploads\/2023\/05\/7857630-e1683017958392-768x512.jpg 768w, https:\/\/collectifisos.be\/wp-content\/uploads\/2023\/05\/7857630-e1683017958392.jpg 1000w\" sizes=\"(max-width: 705px) 100vw, 705px\" \/><\/div><\/div><figcaption class='av-inner-masonry-content site-background'><div class='av-inner-masonry-content-pos'><div class='av-inner-masonry-content-pos-content'><div class='avia-arrow'><\/div><h3 class='av-masonry-entry-title entry-title '  itemprop=\"headline\" >Ph\u00e9nom\u00e8ne massif<\/h3><\/div><\/div><\/figcaption><\/figure><\/a><!--end av-masonry entry--><a href=\"http:\/\/collectifisos.be\/index.php\/le-caractere-raciste\/\"  aria-label=\"image Caract\u00e8re raciste des violences polici\u00e8res\"  id='av-masonry-1-item-28' data-av-masonry-item='28' class='av-masonry-entry isotope-item post-28 attachment type-attachment status-inherit hentry  av-masonry-item-with-image' title=\"Caract\u00e8re raciste des violences polici\u00e8res\" alt=\"Le caract\u00e8re raciste des violences polici\u00e8res\"  data-av-masonry-custom-link=\"http:\/\/collectifisos.be\/index.php\/le-caractere-raciste\/\"  itemprop=\"thumbnailUrl\" ><div class='av-inner-masonry-sizer'><\/div><figure class='av-inner-masonry main_color'><div class=\"av-masonry-outerimage-container\"><div class='av-masonry-image-container'   ><img decoding=\"async\" width=\"640\" height=\"427\" class=\"wp-image-28 avia-img-lazy-loading-not-28\"  src=\"https:\/\/collectifisos.be\/wp-content\/uploads\/2023\/03\/police-6072.jpeg\" title=\"Caract\u00e8re raciste des violences polici\u00e8res\" alt=\"Le caract\u00e8re raciste des violences polici\u00e8res\" srcset=\"https:\/\/collectifisos.be\/wp-content\/uploads\/2023\/03\/police-6072.jpeg 640w, https:\/\/collectifisos.be\/wp-content\/uploads\/2023\/03\/police-6072-300x200.jpeg 300w\" sizes=\"(max-width: 640px) 100vw, 640px\" \/><\/div><\/div><figcaption class='av-inner-masonry-content site-background'><div class='av-inner-masonry-content-pos'><div class='av-inner-masonry-content-pos-content'><div class='avia-arrow'><\/div><h3 class='av-masonry-entry-title entry-title '  itemprop=\"headline\" >Caract\u00e8re raciste des violences polici\u00e8res<\/h3><\/div><\/div><\/figcaption><\/figure><\/a><!--end av-masonry entry--><a href=\"http:\/\/collectifisos.be\/index.php\/temoignages\/\"  aria-label=\"image T\u00e9moignages\"  id='av-masonry-1-item-186' data-av-masonry-item='186' class='av-masonry-entry isotope-item post-186 attachment type-attachment status-inherit hentry  av-masonry-item-with-image' title=\"T\u00e9moignages\" alt=\"\"  data-av-masonry-custom-link=\"http:\/\/collectifisos.be\/index.php\/temoignages\/\"  itemprop=\"thumbnailUrl\" ><div class='av-inner-masonry-sizer'><\/div><figure class='av-inner-masonry main_color'><div class=\"av-masonry-outerimage-container\"><div class='av-masonry-image-container'   ><img decoding=\"async\" width=\"705\" height=\"470\" class=\"wp-image-186 avia-img-lazy-loading-not-186\"  src=\"https:\/\/collectifisos.be\/wp-content\/uploads\/2023\/05\/police-8300-705x470.jpg\" title=\"T\u00e9moignages\" alt=\"\" srcset=\"https:\/\/collectifisos.be\/wp-content\/uploads\/2023\/05\/police-8300-705x470.jpg 705w, https:\/\/collectifisos.be\/wp-content\/uploads\/2023\/05\/police-8300-300x200.jpg 300w, https:\/\/collectifisos.be\/wp-content\/uploads\/2023\/05\/police-8300-768x512.jpg 768w, https:\/\/collectifisos.be\/wp-content\/uploads\/2023\/05\/police-8300.jpg 1000w\" sizes=\"(max-width: 705px) 100vw, 705px\" \/><\/div><\/div><figcaption class='av-inner-masonry-content site-background'><div class='av-inner-masonry-content-pos'><div class='av-inner-masonry-content-pos-content'><div class='avia-arrow'><\/div><h3 class='av-masonry-entry-title entry-title '  itemprop=\"headline\" >T\u00e9moignages<\/h3><\/div><\/div><\/figcaption><\/figure><\/a><!--end av-masonry entry--><\/div><\/div><\/div>\n<div class='flex_column av-9jcfg-3dbba53078dce9c27dd10188a1a3185e av_one_fifth  avia-builder-el-11  el_after_av_three_fifth  avia-builder-el-last  flex_column_div column-top-margin'     ><\/div>\n","protected":false},"excerpt":{"rendered":"","protected":false},"author":1,"featured_media":0,"parent":0,"menu_order":0,"comment_status":"closed","ping_status":"closed","template":"","meta":{"footnotes":""},"class_list":["post-116","page","type-page","status-publish","hentry"],"_links":{"self":[{"href":"https:\/\/collectifisos.be\/index.php\/wp-json\/wp\/v2\/pages\/116","targetHints":{"allow":["GET"]}}],"collection":[{"href":"https:\/\/collectifisos.be\/index.php\/wp-json\/wp\/v2\/pages"}],"about":[{"href":"https:\/\/collectifisos.be\/index.php\/wp-json\/wp\/v2\/types\/page"}],"author":[{"embeddable":true,"href":"https:\/\/collectifisos.be\/index.php\/wp-json\/wp\/v2\/users\/1"}],"replies":[{"embeddable":true,"href":"https:\/\/collectifisos.be\/index.php\/wp-json\/wp\/v2\/comments?post=116"}],"version-history":[{"count":16,"href":"https:\/\/collectifisos.be\/index.php\/wp-json\/wp\/v2\/pages\/116\/revisions"}],"predecessor-version":[{"id":494,"href":"https:\/\/collectifisos.be\/index.php\/wp-json\/wp\/v2\/pages\/116\/revisions\/494"}],"wp:attachment":[{"href":"https:\/\/collectifisos.be\/index.php\/wp-json\/wp\/v2\/media?parent=116"}],"curies":[{"name":"wp","href":"https:\/\/api.w.org\/{rel}","templated":true}]}}