{"id":14,"date":"2023-03-06T10:54:35","date_gmt":"2023-03-06T09:54:35","guid":{"rendered":"http:\/\/collectifisos.be\/?page_id=14"},"modified":"2023-05-26T10:17:23","modified_gmt":"2023-05-26T08:17:23","slug":"home","status":"publish","type":"page","link":"https:\/\/collectifisos.be\/","title":{"rendered":"ISOS Collectif citoyen de lutte contre les policiers violents et racistes"},"content":{"rendered":"<div class='flex_column av-om9y-08816ac7feab70ae5c8205f339a9b010 av_one_full  avia-builder-el-0  el_before_av_one_third  avia-builder-el-first  first flex_column_div '     ><style type=\"text\/css\" data-created_by=\"avia_inline_auto\" id=\"style-css-av-lh50wjun-7294f729cc622c7cf48abe4bab93fe2c\">\n.avia-image-container.av-lh50wjun-7294f729cc622c7cf48abe4bab93fe2c img.avia_image{\nbox-shadow:none;\n}\n.avia-image-container.av-lh50wjun-7294f729cc622c7cf48abe4bab93fe2c .av-image-caption-overlay-center{\ncolor:#ffffff;\n}\n<\/style>\n<div  class='avia-image-container av-lh50wjun-7294f729cc622c7cf48abe4bab93fe2c av-styling- avia-align-center  avia-builder-el-1  avia-builder-el-no-sibling '   itemprop=\"image\" itemscope=\"itemscope\" itemtype=\"https:\/\/schema.org\/ImageObject\" ><div class=\"avia-image-container-inner\"><div class=\"avia-image-overlay-wrap\"><img decoding=\"async\" class='wp-image-196 avia-img-lazy-loading-not-196 avia_image ' src=\"https:\/\/collectifisos.be\/wp-content\/uploads\/2023\/05\/police-200412-1000x430.jpg\" alt='' title='police-200412'  height=\"430\" width=\"1000\"  itemprop=\"thumbnailUrl\"  \/><\/div><\/div><\/div><\/div>\n<div class='flex_column av-66gq-785d853a9a27c9c477c2f80bde05b971 av_one_third  avia-builder-el-2  el_after_av_one_full  el_before_av_two_third  first flex_column_div column-top-margin'     ><style type=\"text\/css\" data-created_by=\"avia_inline_auto\" id=\"style-css-av-lgtpxw3u-074cb0851526c9055fdd4f01e854ff13\">\n#top .av-special-heading.av-lgtpxw3u-074cb0851526c9055fdd4f01e854ff13{\npadding-bottom:10px;\n}\nbody .av-special-heading.av-lgtpxw3u-074cb0851526c9055fdd4f01e854ff13 .av-special-heading-tag .heading-char{\nfont-size:25px;\n}\n.av-special-heading.av-lgtpxw3u-074cb0851526c9055fdd4f01e854ff13 .av-subheading{\nfont-size:15px;\n}\n<\/style>\n<div  class='av-special-heading av-lgtpxw3u-074cb0851526c9055fdd4f01e854ff13 av-special-heading-h1  avia-builder-el-3  avia-builder-el-no-sibling '><h1 class='av-special-heading-tag'  itemprop=\"headline\"  >COLLECTIF CITOYEN DE LUTTE CONTRE LES POLICIERS VIOLENTS ET RACISTES<\/h1><div class=\"special-heading-border\"><div class=\"special-heading-inner-border\"><\/div><\/div><\/div><\/div>\n<div class='flex_column av-2cw3u-c12107e53c2486b5d333b8e15f934060 av_two_third  avia-builder-el-4  el_after_av_one_third  avia-builder-el-last  flex_column_div column-top-margin'     ><style type=\"text\/css\" data-created_by=\"avia_inline_auto\" id=\"style-css-av-lgtm6s73-8c489c757ec70d4291469d458e7e71ba\">\n#top .av_textblock_section.av-lgtm6s73-8c489c757ec70d4291469d458e7e71ba .avia_textblock{\nfont-size:16px;\ncolor:#000000;\ntext-align:left;\n}\n<\/style>\n<section  class='av_textblock_section av-lgtm6s73-8c489c757ec70d4291469d458e7e71ba'  itemscope=\"itemscope\" itemtype=\"https:\/\/schema.org\/CreativeWork\" ><div class='avia_textblock av_inherit_color'  itemprop=\"text\" ><p>Il existe au sein de la police une sous-culture violente et raciste, minoritaire mais qui s&rsquo;impose et ne rencontre aucun obstacle.<\/p>\n<p>ISOS asbl rassemble des citoyens indign\u00e9s par l\u2019impunit\u00e9 dont b\u00e9n\u00e9ficient les policiers violents et racistes.<\/p>\n<p>ISOS qui signifie \u00e9galit\u00e9 en grec, milite pour l\u2019\u00e9galit\u00e9\u0301 de traitement pour toute personne pr\u00e9sente sur le sol belge, quelle que soit la couleur de sa peau, son origine, sa religion, son a\u0302ge, son genre ou sa langue.<\/p>\n<p>ISOS <strong><span style=\"color: #ff0000;\"><a href=\"http:\/\/collectifisos.be\/index.php\/revendication\/\">revendique<\/a> <\/span><\/strong>la mise en place d\u2019une v\u00e9ritable autorit\u00e9 de contr\u00f4le ind\u00e9pendante de la police.<\/p>\n<\/div><\/section><\/div>\n","protected":false},"excerpt":{"rendered":"","protected":false},"author":1,"featured_media":0,"parent":0,"menu_order":0,"comment_status":"closed","ping_status":"closed","template":"","meta":{"footnotes":""},"class_list":["post-14","page","type-page","status-publish","hentry"],"_links":{"self":[{"href":"https:\/\/collectifisos.be\/index.php\/wp-json\/wp\/v2\/pages\/14","targetHints":{"allow":["GET"]}}],"collection":[{"href":"https:\/\/collectifisos.be\/index.php\/wp-json\/wp\/v2\/pages"}],"about":[{"href":"https:\/\/collectifisos.be\/index.php\/wp-json\/wp\/v2\/types\/page"}],"author":[{"embeddable":true,"href":"https:\/\/collectifisos.be\/index.php\/wp-json\/wp\/v2\/users\/1"}],"replies":[{"embeddable":true,"href":"https:\/\/collectifisos.be\/index.php\/wp-json\/wp\/v2\/comments?post=14"}],"version-history":[{"count":42,"href":"https:\/\/collectifisos.be\/index.php\/wp-json\/wp\/v2\/pages\/14\/revisions"}],"predecessor-version":[{"id":508,"href":"https:\/\/collectifisos.be\/index.php\/wp-json\/wp\/v2\/pages\/14\/revisions\/508"}],"wp:attachment":[{"href":"https:\/\/collectifisos.be\/index.php\/wp-json\/wp\/v2\/media?parent=14"}],"curies":[{"name":"wp","href":"https:\/\/api.w.org\/{rel}","templated":true}]}}