{"id":50,"date":"2023-04-23T18:40:40","date_gmt":"2023-04-23T16:40:40","guid":{"rendered":"http:\/\/collectifisos.be\/?page_id=50"},"modified":"2023-05-27T10:10:44","modified_gmt":"2023-05-27T08:10:44","slug":"revendication","status":"publish","type":"page","link":"https:\/\/collectifisos.be\/index.php\/revendication\/","title":{"rendered":"Revendication"},"content":{"rendered":"<div class='flex_column av-tzo2-8685eb1b653376a11a90ffd6c8937d23 av_one_full  avia-builder-el-0  el_before_av_one_third  avia-builder-el-first  first flex_column_div '     ><style type=\"text\/css\" data-created_by=\"avia_inline_auto\" id=\"style-css-av-lh4xkld7-1bda1ffbd2e19b3c18571851f37654d8\">\n.avia-image-container.av-lh4xkld7-1bda1ffbd2e19b3c18571851f37654d8 img.avia_image{\nbox-shadow:none;\n}\n.avia-image-container.av-lh4xkld7-1bda1ffbd2e19b3c18571851f37654d8 .av-image-caption-overlay-center{\ncolor:#ffffff;\n}\n<\/style>\n<div  class='avia-image-container av-lh4xkld7-1bda1ffbd2e19b3c18571851f37654d8 av-styling- avia-align-center  avia-builder-el-1  avia-builder-el-no-sibling '   itemprop=\"image\" itemscope=\"itemscope\" itemtype=\"https:\/\/schema.org\/ImageObject\" ><div class=\"avia-image-container-inner\"><div class=\"avia-image-overlay-wrap\"><img decoding=\"async\" class='wp-image-171 avia-img-lazy-loading-not-171 avia_image ' src=\"https:\/\/collectifisos.be\/wp-content\/uploads\/2023\/05\/7832863-scaled-e1683017995343-1000x430.jpg\" alt='' title='7832863'  height=\"430\" width=\"1000\"  itemprop=\"thumbnailUrl\"  \/><\/div><\/div><\/div><\/div>\n<div class='flex_column av-31yiy-b8a0ed88fa6807cdf881568e056e5698 av_one_third  avia-builder-el-2  el_after_av_one_full  el_before_av_two_third  first flex_column_div column-top-margin'     ><p>\n<style type=\"text\/css\" data-created_by=\"avia_inline_auto\" id=\"style-css-av-lgtn8dw4-2ff260b5ace4e3c65e73a85d8b25c6ee\">\n#top .av-special-heading.av-lgtn8dw4-2ff260b5ace4e3c65e73a85d8b25c6ee{\npadding-bottom:10px;\n}\nbody .av-special-heading.av-lgtn8dw4-2ff260b5ace4e3c65e73a85d8b25c6ee .av-special-heading-tag .heading-char{\nfont-size:25px;\n}\n.av-special-heading.av-lgtn8dw4-2ff260b5ace4e3c65e73a85d8b25c6ee .av-subheading{\nfont-size:15px;\n}\n<\/style>\n<div  class='av-special-heading av-lgtn8dw4-2ff260b5ace4e3c65e73a85d8b25c6ee av-special-heading-h1  avia-builder-el-3  el_before_av_hr  avia-builder-el-first '><h1 class='av-special-heading-tag'  itemprop=\"headline\"  >REVENDICATION<\/h1><div class=\"special-heading-border\"><div class=\"special-heading-inner-border\"><\/div><\/div><\/div><br \/>\n\n<style type=\"text\/css\" data-created_by=\"avia_inline_auto\" id=\"style-css-av-2rmx6-4ede4db95c6e9897b511c773d6a222cb\">\n#top .hr.av-2rmx6-4ede4db95c6e9897b511c773d6a222cb{\nmargin-top:30px;\nmargin-bottom:30px;\n}\n.hr.av-2rmx6-4ede4db95c6e9897b511c773d6a222cb .hr-inner{\nwidth:50px;\nmax-width:45%;\n}\n<\/style>\n<div  class='hr av-2rmx6-4ede4db95c6e9897b511c773d6a222cb hr-custom  avia-builder-el-4  el_after_av_heading  el_before_av_textblock  hr-center hr-icon-yes'><span class='hr-inner inner-border-av-border-thin'><span class=\"hr-inner-style\"><\/span><\/span><span class='av-seperator-icon' aria-hidden='true' data-av_icon='\ue811' data-av_iconfont='entypo-fontello'><\/span><span class='hr-inner inner-border-av-border-thin'><span class=\"hr-inner-style\"><\/span><\/span><\/div><br \/>\n\n<style type=\"text\/css\" data-created_by=\"avia_inline_auto\" id=\"style-css-av-lgtmnzr8-9e069daac3e7cc483a73f9381be77994\">\n#top .av_textblock_section.av-lgtmnzr8-9e069daac3e7cc483a73f9381be77994 .avia_textblock{\nfont-size:16px;\ncolor:#000000;\ntext-align:left;\n}\n<\/style>\n<section  class='av_textblock_section av-lgtmnzr8-9e069daac3e7cc483a73f9381be77994'  itemscope=\"itemscope\" itemtype=\"https:\/\/schema.org\/CreativeWork\" ><div class='avia_textblock av_inherit_color'  itemprop=\"text\" ><p><b><span style=\"color: #ff0000;\">ISOS revendique que les plaintes contre les policiers violents et racistes soient trait\u00e9es par un organe <\/span><\/b><b style=\"color: #ff0000;\">totalement<\/b><b style=\"color: #ff0000;\"> ind\u00e9pendant de la police.\u00a0<\/b><\/p>\n<\/div><\/section><\/p><\/div>\n<div class='flex_column av-1dnrq-6aa27a4c37e4536cdc662880dc631eb7 av_two_third  avia-builder-el-6  el_after_av_one_third  el_before_av_one_third  flex_column_div column-top-margin'     ><p>\n<style type=\"text\/css\" data-created_by=\"avia_inline_auto\" id=\"style-css-av-lgtmv8yq-7218ff5f2e28f2f724fb504b4fa72ac2\">\n#top .av_textblock_section.av-lgtmv8yq-7218ff5f2e28f2f724fb504b4fa72ac2 .avia_textblock{\nfont-size:14px;\ncolor:#000000;\ntext-align:left;\n}\n<\/style>\n<section  class='av_textblock_section av-lgtmv8yq-7218ff5f2e28f2f724fb504b4fa72ac2'  itemscope=\"itemscope\" itemtype=\"https:\/\/schema.org\/CreativeWork\" ><div class='avia_textblock av_inherit_color'  itemprop=\"text\" ><p>Dans sa formule actuelle le Comit\u00e9 P est l\u2019antichambre de la police. Or, la r\u00e9alisation d\u2019enqu\u00eates impartiales est une condition n\u00e9cessaire pour combattre l\u2019impunit\u00e9 dont b\u00e9n\u00e9ficient les policiers violents et racistes.<\/p>\n<p>ISOS demande le respect de l\u2019esprit de la loi : \u00ab<em><strong>cr\u00e9er un organe externe charge\u0301 du contr\u00f4le de tous les agents ayant une comp\u00e9tence de police. Un contr\u00f4le interne s\u2019av\u00e8re inad\u00e9quat.<\/strong>\u00a0\u00bb Commission parlementaire, 1989.<\/em><\/p>\n<p>ISOS s\u2019aligne \u00e9galement sur les recommandations maintes fois r\u00e9p\u00e9t\u00e9es par les<em> Nations Unies<\/em> a\u0300 l\u2019Etat belge qui vise \u00e0 la cr\u00e9ation d\u2019un organe \u00e9tanche par rapport \u00e0 la police.<\/p>\n<\/div><\/section><br \/>\n\n<style type=\"text\/css\" data-created_by=\"avia_inline_auto\" id=\"style-css-av-lgtmrcfe-00764b198b0a946778de5c64a5bd1b8b\">\n#top .av_textblock_section.av-lgtmrcfe-00764b198b0a946778de5c64a5bd1b8b .avia_textblock{\nfont-size:16px;\ncolor:#000000;\ntext-align:left;\n}\n<\/style>\n<section  class='av_textblock_section av-lgtmrcfe-00764b198b0a946778de5c64a5bd1b8b'  itemscope=\"itemscope\" itemtype=\"https:\/\/schema.org\/CreativeWork\" ><div class='avia_textblock av_inherit_color'  itemprop=\"text\" ><p><strong>ISOS revendique d\u00e8s lors la fin du syst\u00e8me des policiers d\u00e9tach\u00e9s, la fin de la sous-traitance des enqu\u00eates aux coll\u00e8gues des policiers incrimin\u00e9s et la mise en place d\u2019un <\/strong><strong>organe unique de contr\u00f4le totalement ind\u00e9pendant et impartial par rapport \u00e0 la police.<\/strong><\/p>\n<\/div><\/section><\/p><\/div>\n<div class='flex_column av-1327m-e6ad2dbe906be4b174fe18a11ff7f60d av_one_third  avia-builder-el-9  el_after_av_two_third  el_before_av_two_third  first flex_column_div column-top-margin'     ><\/div>\n<div class='flex_column av-14ewe-97b8adb7519f6cd084c9358a00905e3d av_two_third  avia-builder-el-10  el_after_av_one_third  avia-builder-el-last  flex_column_div column-top-margin'     ><\/div>\n","protected":false},"excerpt":{"rendered":"","protected":false},"author":1,"featured_media":0,"parent":0,"menu_order":0,"comment_status":"closed","ping_status":"closed","template":"","meta":{"footnotes":""},"class_list":["post-50","page","type-page","status-publish","hentry"],"_links":{"self":[{"href":"https:\/\/collectifisos.be\/index.php\/wp-json\/wp\/v2\/pages\/50","targetHints":{"allow":["GET"]}}],"collection":[{"href":"https:\/\/collectifisos.be\/index.php\/wp-json\/wp\/v2\/pages"}],"about":[{"href":"https:\/\/collectifisos.be\/index.php\/wp-json\/wp\/v2\/types\/page"}],"author":[{"embeddable":true,"href":"https:\/\/collectifisos.be\/index.php\/wp-json\/wp\/v2\/users\/1"}],"replies":[{"embeddable":true,"href":"https:\/\/collectifisos.be\/index.php\/wp-json\/wp\/v2\/comments?post=50"}],"version-history":[{"count":43,"href":"https:\/\/collectifisos.be\/index.php\/wp-json\/wp\/v2\/pages\/50\/revisions"}],"predecessor-version":[{"id":534,"href":"https:\/\/collectifisos.be\/index.php\/wp-json\/wp\/v2\/pages\/50\/revisions\/534"}],"wp:attachment":[{"href":"https:\/\/collectifisos.be\/index.php\/wp-json\/wp\/v2\/media?parent=50"}],"curies":[{"name":"wp","href":"https:\/\/api.w.org\/{rel}","templated":true}]}}